{"id":40,"date":"2019-10-29T12:23:10","date_gmt":"2019-10-29T12:23:10","guid":{"rendered":"https:\/\/locservex.com.br\/?page_id=40"},"modified":"2021-08-28T12:40:15","modified_gmt":"2021-08-28T12:40:15","slug":"empresa","status":"publish","type":"page","link":"https:\/\/locservex.com.br\/index.php\/empresa\/","title":{"rendered":"Empresa"},"content":{"rendered":"\n<p><strong>Loc Servex,<\/strong>\u00a0empresa fundada em 2010 com o objetivo de prestar Servi\u00e7os <a rel=\"noreferrer noopener\" href=\"https:\/\/locservex.com.br\/\" target=\"_blank\">sondagem geol\u00f3gica e sondagem geot\u00e9cnica<\/a>.<\/p>\n\n\n\n<div class=\"wp-block-image\"><figure class=\"alignleft is-resized\"><img loading=\"lazy\" decoding=\"async\" src=\"https:\/\/locservex.com.br\/wp-content\/uploads\/2019\/10\/logo-oficial-Copy-2058x1088px-1-1-1024x541.jpg\" alt=\"\" class=\"wp-image-159\" width=\"255\" height=\"135\" srcset=\"https:\/\/locservex.com.br\/wp-content\/uploads\/2019\/10\/logo-oficial-Copy-2058x1088px-1-1-1024x541.jpg 1024w, https:\/\/locservex.com.br\/wp-content\/uploads\/2019\/10\/logo-oficial-Copy-2058x1088px-1-1-300x159.jpg 300w, https:\/\/locservex.com.br\/wp-content\/uploads\/2019\/10\/logo-oficial-Copy-2058x1088px-1-1-768x406.jpg 768w\" sizes=\"(max-width: 255px) 100vw, 255px\" \/><\/figure><\/div>\n\n\n\n<p>Nos definimos como uma organiza\u00e7\u00e3o s\u00e9ria, inovadora e de alta sensibilidade \u00e0s pessoas e ao ambiente, fazendo dos nossos profissionais, que s\u00e3o altamente qualificados, l\u00edderes de opini\u00e3o nas \u00e1reas relacionadas com a&nbsp;<a href=\"https:\/\/locservex.com.br\/\" target=\"_blank\" rel=\"noreferrer noopener\">minera\u00e7\u00e3o e projetos<\/a>, cumprindo todos os requisitos de seguran\u00e7a, meio ambiente, qualidade, produtividade e comunidade<\/p>\n\n\n\n<div style=\"height:60px\" aria-hidden=\"true\" class=\"wp-block-spacer\"><\/div>\n\n\n\n<h2><font face=\"Times\" color=\"black\">NOSSOS VALORES<\/font><\/h2>\n\n\n\n<p><strong>MISS\u00c3O<\/strong><br>Manter a excel\u00eancia operacional na presta\u00e7\u00e3o de servi\u00e7os de PERFURA\u00c7\u00c3O para&nbsp;<a href=\"https:\/\/locservex.com.br\/\" target=\"_blank\" rel=\"noreferrer noopener\">EXPLORA\u00c7\u00c3O GEOL\u00d3GICA e GEOT\u00c9CNICA<\/a>&nbsp;cumprindo com os itens mais importantes: a Seguran\u00e7a, a Qualidade, o Meio Ambiente, a Produtividade e a Comunidade.<\/p>\n\n\n\n<p><strong>VIS\u00c3O<\/strong><br>Ser uma empresa inovadora e reconhecida com a mais alta qualidade na presta\u00e7\u00e3o de servi\u00e7os de PERFURA\u00c7\u00c3O para EXPLORA\u00c7\u00c3O GEOL\u00d3GICA e GEOT\u00c9CNICA <\/p>\n\n\n\n<div style=\"height:20px\" aria-hidden=\"true\" class=\"wp-block-spacer\"><\/div>\n\n\n\n<h2> <font face=\"Times\" color=\"black\">PROGRAMAS DE TREINAMENTOS LOC SERVEX <\/font><\/h2>\n\n\n\n<p>Programas de Manuten\u00e7\u00e3o Preventiva para garantir o bom funcionamento dos equipamentos e consequentemente, atingir alta produtividade;<\/p>\n\n\n\n<p>Avalia\u00e7\u00e3o e Implementa\u00e7\u00e3o de Programas de Preven\u00e7\u00e3o de Riscos Afetos a Atividades de Sondagem;<\/p>\n\n\n\n<p>Avalia\u00e7\u00e3o e Implementa\u00e7\u00e3o de Programas Qualifica\u00e7\u00e3o Profissional;<\/p>\n\n\n\n<p>Implementa\u00e7\u00e3o de Programas de Treinamentos para seus colaboradores, incluindo temas como PRO de&nbsp;<a href=\"https:\/\/locservex.com.br\/\" target=\"_blank\" rel=\"noreferrer noopener\">Sondagens<\/a>, Preven\u00e7\u00e3o de Acidentes de Trabalho, Primeiros Socorros, Combate a Inc\u00eandios e Preven\u00e7\u00e3o, Dire\u00e7\u00e3o Preventiva, Trabalho em Altura e outros solicitados pelos clientes.<\/p>\n\n\n\n<div style=\"height:20px\" aria-hidden=\"true\" class=\"wp-block-spacer\"><\/div>\n","protected":false},"excerpt":{"rendered":"<p>Loc Servex,\u00a0empresa fundada em 2010 com o objetivo de prestar Servi\u00e7os sondagem geol\u00f3gica e sondagem geot\u00e9cnica. Nos definimos como uma organiza\u00e7\u00e3o s\u00e9ria, inovadora e de alta sensibilidade \u00e0s pessoas e ao ambiente, fazendo dos nossos profissionais, que s\u00e3o altamente qualificados, l\u00edderes de opini\u00e3o nas \u00e1reas relacionadas com a&nbsp;minera\u00e7\u00e3o e projetos, cumprindo todos os requisitos de<\/p>\n","protected":false},"author":1,"featured_media":0,"parent":0,"menu_order":0,"comment_status":"closed","ping_status":"closed","template":"fullwidth.php","meta":{"footnotes":""},"_links":{"self":[{"href":"https:\/\/locservex.com.br\/index.php\/wp-json\/wp\/v2\/pages\/40"}],"collection":[{"href":"https:\/\/locservex.com.br\/index.php\/wp-json\/wp\/v2\/pages"}],"about":[{"href":"https:\/\/locservex.com.br\/index.php\/wp-json\/wp\/v2\/types\/page"}],"author":[{"embeddable":true,"href":"https:\/\/locservex.com.br\/index.php\/wp-json\/wp\/v2\/users\/1"}],"replies":[{"embeddable":true,"href":"https:\/\/locservex.com.br\/index.php\/wp-json\/wp\/v2\/comments?post=40"}],"version-history":[{"count":31,"href":"https:\/\/locservex.com.br\/index.php\/wp-json\/wp\/v2\/pages\/40\/revisions"}],"predecessor-version":[{"id":256,"href":"https:\/\/locservex.com.br\/index.php\/wp-json\/wp\/v2\/pages\/40\/revisions\/256"}],"wp:attachment":[{"href":"https:\/\/locservex.com.br\/index.php\/wp-json\/wp\/v2\/media?parent=40"}],"curies":[{"name":"wp","href":"https:\/\/api.w.org\/{rel}","templated":true}]}}