{"id":44,"date":"2019-10-29T12:24:00","date_gmt":"2019-10-29T12:24:00","guid":{"rendered":"https:\/\/locservex.com.br\/?page_id=44"},"modified":"2020-02-12T13:39:28","modified_gmt":"2020-02-12T13:39:28","slug":"servicos","status":"publish","type":"page","link":"https:\/\/locservex.com.br\/index.php\/servicos\/","title":{"rendered":"Servi\u00e7os"},"content":{"rendered":"\n<h2 class=\"wp-block-heading\"><font color=\"black\">Servi\u00e7os<\/font><\/h2>\n\n\n\n<div style=\"height:22px\" aria-hidden=\"true\" class=\"wp-block-spacer\"><\/div>\n\n\n\n<ul><li>Perfura\u00e7\u00e3o para Explora\u00e7\u00e3o Geol\u00f3gica;<\/li><li>Perfura\u00e7\u00e3o para Explora\u00e7\u00e3o Geot\u00e9cnica;<\/li><li>Consultoria Integrada na Implanta\u00e7\u00e3o dos Servi\u00e7os de Sondagens;<\/li><li> Loca\u00e7\u00e3o de Equipamentos de Perfura\u00e7\u00e3o.<\/li><\/ul>\n\n\n\n<div style=\"height:31px\" aria-hidden=\"true\" class=\"wp-block-spacer\"><\/div>\n\n\n\n<ul class=\"wp-block-gallery columns-3 is-cropped wp-block-gallery-1 is-layout-flex wp-block-gallery-is-layout-flex\"><li class=\"blocks-gallery-item\"><figure><img loading=\"lazy\" decoding=\"async\" width=\"800\" height=\"598\" src=\"https:\/\/locservex.com.br\/wp-content\/uploads\/2019\/10\/IMG_2805.jpg\" alt=\"\" data-id=\"133\" data-link=\"https:\/\/locservex.com.br\/index.php\/logistica\/img_2805\/\" class=\"wp-image-133\" srcset=\"https:\/\/locservex.com.br\/wp-content\/uploads\/2019\/10\/IMG_2805.jpg 800w, https:\/\/locservex.com.br\/wp-content\/uploads\/2019\/10\/IMG_2805-300x224.jpg 300w, https:\/\/locservex.com.br\/wp-content\/uploads\/2019\/10\/IMG_2805-768x574.jpg 768w\" sizes=\"(max-width: 800px) 100vw, 800px\" \/><\/figure><\/li><li class=\"blocks-gallery-item\"><figure><img loading=\"lazy\" decoding=\"async\" width=\"1024\" height=\"765\" src=\"https:\/\/locservex.com.br\/wp-content\/uploads\/2019\/10\/IMG_2215-1024x765.jpg\" alt=\"\" data-id=\"131\" data-link=\"https:\/\/locservex.com.br\/index.php\/logistica\/img_2215\/\" class=\"wp-image-131\" srcset=\"https:\/\/locservex.com.br\/wp-content\/uploads\/2019\/10\/IMG_2215-1024x765.jpg 1024w, https:\/\/locservex.com.br\/wp-content\/uploads\/2019\/10\/IMG_2215-300x224.jpg 300w, https:\/\/locservex.com.br\/wp-content\/uploads\/2019\/10\/IMG_2215-768x574.jpg 768w\" sizes=\"(max-width: 1024px) 100vw, 1024px\" \/><\/figure><\/li><li class=\"blocks-gallery-item\"><figure><img loading=\"lazy\" decoding=\"async\" width=\"1024\" height=\"360\" src=\"https:\/\/locservex.com.br\/wp-content\/uploads\/2019\/10\/slide-02-1024x360.jpg\" alt=\"\" data-id=\"85\" data-link=\"https:\/\/locservex.com.br\/slide-02\/\" class=\"wp-image-85\" srcset=\"https:\/\/locservex.com.br\/wp-content\/uploads\/2019\/10\/slide-02-1024x360.jpg 1024w, https:\/\/locservex.com.br\/wp-content\/uploads\/2019\/10\/slide-02-300x105.jpg 300w, https:\/\/locservex.com.br\/wp-content\/uploads\/2019\/10\/slide-02-768x270.jpg 768w, https:\/\/locservex.com.br\/wp-content\/uploads\/2019\/10\/slide-02.jpg 1280w\" sizes=\"(max-width: 1024px) 100vw, 1024px\" \/><\/figure><\/li><li class=\"blocks-gallery-item\"><figure><img loading=\"lazy\" decoding=\"async\" width=\"768\" height=\"1024\" src=\"https:\/\/locservex.com.br\/wp-content\/uploads\/2020\/02\/IMG-20200206-WA0045-768x1024.jpg\" alt=\"\" data-id=\"211\" data-link=\"https:\/\/locservex.com.br\/index.php\/servicos\/img-20200206-wa0045\/\" class=\"wp-image-211\" srcset=\"https:\/\/locservex.com.br\/wp-content\/uploads\/2020\/02\/IMG-20200206-WA0045-768x1024.jpg 768w, https:\/\/locservex.com.br\/wp-content\/uploads\/2020\/02\/IMG-20200206-WA0045-225x300.jpg 225w, https:\/\/locservex.com.br\/wp-content\/uploads\/2020\/02\/IMG-20200206-WA0045.jpg 960w\" sizes=\"(max-width: 768px) 100vw, 768px\" \/><\/figure><\/li><li class=\"blocks-gallery-item\"><figure><img loading=\"lazy\" decoding=\"async\" width=\"768\" height=\"1024\" src=\"https:\/\/locservex.com.br\/wp-content\/uploads\/2020\/02\/IMG-20200206-WA0044-768x1024.jpg\" alt=\"\" data-id=\"212\" data-link=\"https:\/\/locservex.com.br\/index.php\/servicos\/img-20200206-wa0044\/\" class=\"wp-image-212\" srcset=\"https:\/\/locservex.com.br\/wp-content\/uploads\/2020\/02\/IMG-20200206-WA0044-768x1024.jpg 768w, https:\/\/locservex.com.br\/wp-content\/uploads\/2020\/02\/IMG-20200206-WA0044-225x300.jpg 225w, https:\/\/locservex.com.br\/wp-content\/uploads\/2020\/02\/IMG-20200206-WA0044.jpg 960w\" sizes=\"(max-width: 768px) 100vw, 768px\" \/><\/figure><\/li><li class=\"blocks-gallery-item\"><figure><img loading=\"lazy\" decoding=\"async\" width=\"1024\" height=\"768\" src=\"https:\/\/locservex.com.br\/wp-content\/uploads\/2020\/02\/IMG-20200206-WA0048-1024x768.jpg\" alt=\"\" data-id=\"213\" data-link=\"https:\/\/locservex.com.br\/index.php\/servicos\/img-20200206-wa0048\/\" class=\"wp-image-213\" srcset=\"https:\/\/locservex.com.br\/wp-content\/uploads\/2020\/02\/IMG-20200206-WA0048-1024x768.jpg 1024w, https:\/\/locservex.com.br\/wp-content\/uploads\/2020\/02\/IMG-20200206-WA0048-300x225.jpg 300w, https:\/\/locservex.com.br\/wp-content\/uploads\/2020\/02\/IMG-20200206-WA0048-768x576.jpg 768w, https:\/\/locservex.com.br\/wp-content\/uploads\/2020\/02\/IMG-20200206-WA0048.jpg 1280w\" sizes=\"(max-width: 1024px) 100vw, 1024px\" \/><\/figure><\/li><\/ul>\n","protected":false},"excerpt":{"rendered":"<p>Servi\u00e7os Perfura\u00e7\u00e3o para Explora\u00e7\u00e3o Geol\u00f3gica; Perfura\u00e7\u00e3o para Explora\u00e7\u00e3o Geot\u00e9cnica; Consultoria Integrada na Implanta\u00e7\u00e3o dos Servi\u00e7os de Sondagens; Loca\u00e7\u00e3o de Equipamentos de Perfura\u00e7\u00e3o.<\/p>\n","protected":false},"author":1,"featured_media":0,"parent":0,"menu_order":0,"comment_status":"closed","ping_status":"closed","template":"fullwidth.php","meta":{"footnotes":""},"_links":{"self":[{"href":"https:\/\/locservex.com.br\/index.php\/wp-json\/wp\/v2\/pages\/44"}],"collection":[{"href":"https:\/\/locservex.com.br\/index.php\/wp-json\/wp\/v2\/pages"}],"about":[{"href":"https:\/\/locservex.com.br\/index.php\/wp-json\/wp\/v2\/types\/page"}],"author":[{"embeddable":true,"href":"https:\/\/locservex.com.br\/index.php\/wp-json\/wp\/v2\/users\/1"}],"replies":[{"embeddable":true,"href":"https:\/\/locservex.com.br\/index.php\/wp-json\/wp\/v2\/comments?post=44"}],"version-history":[{"count":5,"href":"https:\/\/locservex.com.br\/index.php\/wp-json\/wp\/v2\/pages\/44\/revisions"}],"predecessor-version":[{"id":214,"href":"https:\/\/locservex.com.br\/index.php\/wp-json\/wp\/v2\/pages\/44\/revisions\/214"}],"wp:attachment":[{"href":"https:\/\/locservex.com.br\/index.php\/wp-json\/wp\/v2\/media?parent=44"}],"curies":[{"name":"wp","href":"https:\/\/api.w.org\/{rel}","templated":true}]}}