{"id":64,"date":"2019-10-29T12:27:27","date_gmt":"2019-10-29T12:27:27","guid":{"rendered":"https:\/\/locservex.com.br\/?page_id=64"},"modified":"2020-02-12T13:59:45","modified_gmt":"2020-02-12T13:59:45","slug":"equipamentos","status":"publish","type":"page","link":"https:\/\/locservex.com.br\/index.php\/equipamentos\/","title":{"rendered":"Equipamentos"},"content":{"rendered":"\n<h2><font color = \"black\">Equipamentos de Perfura\u00e7\u00e3o<\/h2>\n\n\n\n<div style=\"height:20px\" aria-hidden=\"true\" class=\"wp-block-spacer\"><\/div>\n\n\n\n<ul class=\"wp-block-gallery columns-3 is-cropped wp-block-gallery-1 is-layout-flex wp-block-gallery-is-layout-flex\"><li class=\"blocks-gallery-item\"><figure><img loading=\"lazy\" decoding=\"async\" width=\"800\" height=\"600\" src=\"https:\/\/locservex.com.br\/wp-content\/uploads\/2019\/10\/IMG_2040.jpg\" alt=\"\" data-id=\"111\" data-link=\"https:\/\/locservex.com.br\/index.php\/equipamentos\/img_2040\/\" class=\"wp-image-111\" srcset=\"https:\/\/locservex.com.br\/wp-content\/uploads\/2019\/10\/IMG_2040.jpg 800w, https:\/\/locservex.com.br\/wp-content\/uploads\/2019\/10\/IMG_2040-300x225.jpg 300w, https:\/\/locservex.com.br\/wp-content\/uploads\/2019\/10\/IMG_2040-768x576.jpg 768w\" sizes=\"(max-width: 800px) 100vw, 800px\" \/><\/figure><\/li><li class=\"blocks-gallery-item\"><figure><img loading=\"lazy\" decoding=\"async\" width=\"600\" height=\"800\" src=\"https:\/\/locservex.com.br\/wp-content\/uploads\/2019\/10\/IMG_2052.jpg\" alt=\"\" data-id=\"112\" data-link=\"https:\/\/locservex.com.br\/index.php\/equipamentos\/img_2052\/\" class=\"wp-image-112\" srcset=\"https:\/\/locservex.com.br\/wp-content\/uploads\/2019\/10\/IMG_2052.jpg 600w, https:\/\/locservex.com.br\/wp-content\/uploads\/2019\/10\/IMG_2052-225x300.jpg 225w\" sizes=\"(max-width: 600px) 100vw, 600px\" \/><\/figure><\/li><li class=\"blocks-gallery-item\"><figure><img loading=\"lazy\" decoding=\"async\" width=\"800\" height=\"598\" src=\"https:\/\/locservex.com.br\/wp-content\/uploads\/2019\/10\/IMG_2245.jpg\" alt=\"\" data-id=\"113\" data-link=\"https:\/\/locservex.com.br\/index.php\/equipamentos\/img_2245\/\" class=\"wp-image-113\" srcset=\"https:\/\/locservex.com.br\/wp-content\/uploads\/2019\/10\/IMG_2245.jpg 800w, https:\/\/locservex.com.br\/wp-content\/uploads\/2019\/10\/IMG_2245-300x224.jpg 300w, https:\/\/locservex.com.br\/wp-content\/uploads\/2019\/10\/IMG_2245-768x574.jpg 768w\" sizes=\"(max-width: 800px) 100vw, 800px\" \/><\/figure><\/li><li class=\"blocks-gallery-item\"><figure><img loading=\"lazy\" decoding=\"async\" width=\"800\" height=\"600\" src=\"https:\/\/locservex.com.br\/wp-content\/uploads\/2019\/10\/IMG_2400.jpg\" alt=\"\" data-id=\"114\" data-link=\"https:\/\/locservex.com.br\/index.php\/equipamentos\/img_2400\/\" class=\"wp-image-114\" srcset=\"https:\/\/locservex.com.br\/wp-content\/uploads\/2019\/10\/IMG_2400.jpg 800w, https:\/\/locservex.com.br\/wp-content\/uploads\/2019\/10\/IMG_2400-300x225.jpg 300w, https:\/\/locservex.com.br\/wp-content\/uploads\/2019\/10\/IMG_2400-768x576.jpg 768w\" sizes=\"(max-width: 800px) 100vw, 800px\" \/><\/figure><\/li><li class=\"blocks-gallery-item\"><figure><img loading=\"lazy\" decoding=\"async\" width=\"800\" height=\"598\" src=\"https:\/\/locservex.com.br\/wp-content\/uploads\/2019\/10\/IMG_2597.jpg\" alt=\"\" data-id=\"116\" data-link=\"https:\/\/locservex.com.br\/index.php\/equipamentos\/img_2597\/\" class=\"wp-image-116\" srcset=\"https:\/\/locservex.com.br\/wp-content\/uploads\/2019\/10\/IMG_2597.jpg 800w, https:\/\/locservex.com.br\/wp-content\/uploads\/2019\/10\/IMG_2597-300x224.jpg 300w, https:\/\/locservex.com.br\/wp-content\/uploads\/2019\/10\/IMG_2597-768x574.jpg 768w\" sizes=\"(max-width: 800px) 100vw, 800px\" \/><\/figure><\/li><li class=\"blocks-gallery-item\"><figure><img loading=\"lazy\" decoding=\"async\" width=\"800\" height=\"600\" src=\"https:\/\/locservex.com.br\/wp-content\/uploads\/2019\/10\/IMG_3189.jpg\" alt=\"\" data-id=\"117\" data-link=\"https:\/\/locservex.com.br\/index.php\/equipamentos\/img_3189\/\" class=\"wp-image-117\" srcset=\"https:\/\/locservex.com.br\/wp-content\/uploads\/2019\/10\/IMG_3189.jpg 800w, https:\/\/locservex.com.br\/wp-content\/uploads\/2019\/10\/IMG_3189-300x225.jpg 300w, https:\/\/locservex.com.br\/wp-content\/uploads\/2019\/10\/IMG_3189-768x576.jpg 768w\" sizes=\"(max-width: 800px) 100vw, 800px\" \/><\/figure><\/li><li class=\"blocks-gallery-item\"><figure><img loading=\"lazy\" decoding=\"async\" width=\"800\" height=\"598\" src=\"https:\/\/locservex.com.br\/wp-content\/uploads\/2019\/10\/IMG_3334.jpg\" alt=\"\" data-id=\"118\" data-link=\"https:\/\/locservex.com.br\/index.php\/equipamentos\/img_3334\/\" class=\"wp-image-118\" srcset=\"https:\/\/locservex.com.br\/wp-content\/uploads\/2019\/10\/IMG_3334.jpg 800w, https:\/\/locservex.com.br\/wp-content\/uploads\/2019\/10\/IMG_3334-300x224.jpg 300w, https:\/\/locservex.com.br\/wp-content\/uploads\/2019\/10\/IMG_3334-768x574.jpg 768w\" sizes=\"(max-width: 800px) 100vw, 800px\" \/><\/figure><\/li><li class=\"blocks-gallery-item\"><figure><img loading=\"lazy\" decoding=\"async\" width=\"800\" height=\"598\" src=\"https:\/\/locservex.com.br\/wp-content\/uploads\/2019\/10\/IMG_6901.jpg\" alt=\"\" data-id=\"119\" data-link=\"https:\/\/locservex.com.br\/index.php\/equipamentos\/img_6901\/\" class=\"wp-image-119\" srcset=\"https:\/\/locservex.com.br\/wp-content\/uploads\/2019\/10\/IMG_6901.jpg 800w, https:\/\/locservex.com.br\/wp-content\/uploads\/2019\/10\/IMG_6901-300x224.jpg 300w, https:\/\/locservex.com.br\/wp-content\/uploads\/2019\/10\/IMG_6901-768x574.jpg 768w\" sizes=\"(max-width: 800px) 100vw, 800px\" \/><\/figure><\/li><li class=\"blocks-gallery-item\"><figure><img loading=\"lazy\" decoding=\"async\" width=\"800\" height=\"600\" src=\"https:\/\/locservex.com.br\/wp-content\/uploads\/2019\/10\/IMG_8287.jpg\" alt=\"\" data-id=\"120\" data-link=\"https:\/\/locservex.com.br\/index.php\/equipamentos\/img_8287\/\" class=\"wp-image-120\" srcset=\"https:\/\/locservex.com.br\/wp-content\/uploads\/2019\/10\/IMG_8287.jpg 800w, https:\/\/locservex.com.br\/wp-content\/uploads\/2019\/10\/IMG_8287-300x225.jpg 300w, https:\/\/locservex.com.br\/wp-content\/uploads\/2019\/10\/IMG_8287-768x576.jpg 768w\" sizes=\"(max-width: 800px) 100vw, 800px\" \/><\/figure><\/li><\/ul>\n\n\n\n<div style=\"height:20px\" aria-hidden=\"true\" class=\"wp-block-spacer\"><\/div>\n\n\n\n<h2 class=\"wp-block-heading\"><font color = \"black\">Equipamentos de Apoio a Perfura\u00e7\u00e3o<\/h2>\n\n\n\n<div style=\"height:20px\" aria-hidden=\"true\" class=\"wp-block-spacer\"><\/div>\n\n\n\n<ul class=\"wp-block-gallery columns-3 is-cropped wp-block-gallery-2 is-layout-flex wp-block-gallery-is-layout-flex\"><li class=\"blocks-gallery-item\"><figure><img loading=\"lazy\" decoding=\"async\" width=\"800\" height=\"600\" src=\"https:\/\/locservex.com.br\/wp-content\/uploads\/2019\/10\/100_0470.jpg\" alt=\"\" data-id=\"98\" data-link=\"https:\/\/locservex.com.br\/index.php\/equipamentos\/100_0470\/\" class=\"wp-image-98\" srcset=\"https:\/\/locservex.com.br\/wp-content\/uploads\/2019\/10\/100_0470.jpg 800w, https:\/\/locservex.com.br\/wp-content\/uploads\/2019\/10\/100_0470-300x225.jpg 300w, https:\/\/locservex.com.br\/wp-content\/uploads\/2019\/10\/100_0470-768x576.jpg 768w\" sizes=\"(max-width: 800px) 100vw, 800px\" \/><\/figure><\/li><li class=\"blocks-gallery-item\"><figure><img loading=\"lazy\" decoding=\"async\" width=\"800\" height=\"598\" src=\"https:\/\/locservex.com.br\/wp-content\/uploads\/2019\/10\/IMG_3486-2.jpg\" alt=\"\" data-id=\"100\" data-link=\"https:\/\/locservex.com.br\/index.php\/equipamentos\/img_3486-3\/\" class=\"wp-image-100\" srcset=\"https:\/\/locservex.com.br\/wp-content\/uploads\/2019\/10\/IMG_3486-2.jpg 800w, https:\/\/locservex.com.br\/wp-content\/uploads\/2019\/10\/IMG_3486-2-300x224.jpg 300w, https:\/\/locservex.com.br\/wp-content\/uploads\/2019\/10\/IMG_3486-2-768x574.jpg 768w\" sizes=\"(max-width: 800px) 100vw, 800px\" \/><\/figure><\/li><li class=\"blocks-gallery-item\"><figure><img loading=\"lazy\" decoding=\"async\" width=\"800\" height=\"598\" src=\"https:\/\/locservex.com.br\/wp-content\/uploads\/2019\/10\/IMG_6022.jpg\" alt=\"\" data-id=\"101\" data-link=\"https:\/\/locservex.com.br\/index.php\/equipamentos\/img_6022\/\" class=\"wp-image-101\" srcset=\"https:\/\/locservex.com.br\/wp-content\/uploads\/2019\/10\/IMG_6022.jpg 800w, https:\/\/locservex.com.br\/wp-content\/uploads\/2019\/10\/IMG_6022-300x224.jpg 300w, https:\/\/locservex.com.br\/wp-content\/uploads\/2019\/10\/IMG_6022-768x574.jpg 768w\" sizes=\"(max-width: 800px) 100vw, 800px\" \/><\/figure><\/li><\/ul>\n","protected":false},"excerpt":{"rendered":"<p>Equipamentos de Perfura\u00e7\u00e3o Equipamentos de Apoio a Perfura\u00e7\u00e3o<\/p>\n","protected":false},"author":1,"featured_media":0,"parent":0,"menu_order":0,"comment_status":"closed","ping_status":"closed","template":"fullwidth.php","meta":{"footnotes":""},"_links":{"self":[{"href":"https:\/\/locservex.com.br\/index.php\/wp-json\/wp\/v2\/pages\/64"}],"collection":[{"href":"https:\/\/locservex.com.br\/index.php\/wp-json\/wp\/v2\/pages"}],"about":[{"href":"https:\/\/locservex.com.br\/index.php\/wp-json\/wp\/v2\/types\/page"}],"author":[{"embeddable":true,"href":"https:\/\/locservex.com.br\/index.php\/wp-json\/wp\/v2\/users\/1"}],"replies":[{"embeddable":true,"href":"https:\/\/locservex.com.br\/index.php\/wp-json\/wp\/v2\/comments?post=64"}],"version-history":[{"count":11,"href":"https:\/\/locservex.com.br\/index.php\/wp-json\/wp\/v2\/pages\/64\/revisions"}],"predecessor-version":[{"id":229,"href":"https:\/\/locservex.com.br\/index.php\/wp-json\/wp\/v2\/pages\/64\/revisions\/229"}],"wp:attachment":[{"href":"https:\/\/locservex.com.br\/index.php\/wp-json\/wp\/v2\/media?parent=64"}],"curies":[{"name":"wp","href":"https:\/\/api.w.org\/{rel}","templated":true}]}}